{"id":263,"date":"2020-04-10T17:36:36","date_gmt":"2020-04-10T17:36:36","guid":{"rendered":"https:\/\/lionssickkids.ca\/faq\/"},"modified":"2024-02-10T16:13:35","modified_gmt":"2024-02-10T16:13:35","slug":"faq","status":"publish","type":"page","link":"https:\/\/lionssickkids.ca\/fr\/faq\/","title":{"rendered":"FAQ"},"content":{"rendered":"<p><div class=\"fusion-bg-parallax\" data-bg-align=\"center center\" data-direction=\"up\" data-mute=\"false\" data-opacity=\"100\" data-velocity=\"-0.3\" data-mobile-enabled=\"false\" data-break_parents=\"0\" data-bg-image=\"\/wp-content\/uploads\/2020\/04\/FAQ-header-10.png\" data-bg-repeat=\"false\" ><\/div><div class=\"fusion-fullwidth fullwidth-box fusion-builder-row-1 fusion-flex-container has-pattern-background has-mask-background fusion-parallax-up hundred-percent-fullwidth non-hundred-percent-height-scrolling\" style=\"--awb-border-radius-top-left:0px;--awb-border-radius-top-right:0px;--awb-border-radius-bottom-right:0px;--awb-border-radius-bottom-left:0px;--awb-padding-top:0px;--awb-padding-right:0px;--awb-padding-bottom:0px;--awb-padding-left:0px;--awb-margin-top:0px;--awb-margin-bottom:30px;--awb-background-image:url(&quot;\/wp-content\/uploads\/2020\/04\/FAQ-header-10.png&quot;);--awb-background-size:cover;--awb-flex-wrap:wrap;\" ><div class=\"fusion-builder-row fusion-row fusion-flex-align-items-flex-start fusion-flex-content-wrap\" style=\"width:104% !important;max-width:104% !important;margin-left: calc(-4% \/ 2 );margin-right: calc(-4% \/ 2 );\"><div class=\"fusion-layout-column fusion_builder_column fusion-builder-column-0 fusion_builder_column_1_1 1_1 fusion-flex-column\" style=\"--awb-padding-top:100px;--awb-padding-bottom:80px;--awb-bg-color:rgba(0,22,137,0.52);--awb-bg-color-hover:rgba(0,22,137,0.52);--awb-bg-size:cover;--awb-width-large:100%;--awb-margin-top-large:0px;--awb-spacing-right-large:1.92%;--awb-margin-bottom-large:0px;--awb-spacing-left-large:1.92%;--awb-width-medium:100%;--awb-order-medium:0;--awb-spacing-right-medium:1.92%;--awb-spacing-left-medium:1.92%;--awb-width-small:100%;--awb-order-small:0;--awb-spacing-right-small:1.92%;--awb-spacing-left-small:1.92%;\" data-scroll-devices=\"small-visibility,medium-visibility,large-visibility\"><div class=\"fusion-column-wrapper fusion-column-has-shadow fusion-flex-justify-content-flex-start fusion-content-layout-column\"><div class=\"fusion-title title fusion-title-1 fusion-sep-none fusion-title-center fusion-title-text fusion-title-size-one\" style=\"--awb-text-color:#ffffff;--awb-margin-top-small:0px;--awb-margin-right-small:0px;--awb-margin-bottom-small:15px;--awb-margin-left-small:0px;\"><h1 class=\"fusion-title-heading title-heading-center fusion-responsive-typography-calculated\" style=\"margin:0;--fontSize:43;line-height:1;\">Foire aux questions<\/h1><\/div><div class=\"fusion-separator\" style=\"align-self: center;margin-left: auto;margin-right: auto;margin-top:10px;margin-bottom:10px;width:100%;max-width:40px;\"><div class=\"fusion-separator-border sep-single sep-solid\" style=\"--awb-height:20px;--awb-amount:20px;--awb-sep-color:#ff5555;border-color:#ff5555;border-top-width:4px;\"><\/div><\/div><\/div><\/div><\/div><\/div><div class=\"fusion-fullwidth fullwidth-box fusion-builder-row-2 fusion-flex-container has-pattern-background has-mask-background nonhundred-percent-fullwidth non-hundred-percent-height-scrolling\" style=\"--awb-border-radius-top-left:0px;--awb-border-radius-top-right:0px;--awb-border-radius-bottom-right:0px;--awb-border-radius-bottom-left:0px;--awb-margin-bottom:30px;--awb-flex-wrap:wrap;\" ><div class=\"fusion-builder-row fusion-row fusion-flex-align-items-stretch fusion-flex-content-wrap\" style=\"max-width:1248px;margin-left: calc(-4% \/ 2 );margin-right: calc(-4% \/ 2 );\"><div class=\"fusion-layout-column fusion_builder_column fusion-builder-column-1 fusion_builder_column_1_1 1_1 fusion-flex-column\" style=\"--awb-bg-size:cover;--awb-width-large:100%;--awb-margin-top-large:0px;--awb-spacing-right-large:1.92%;--awb-margin-bottom-large:20px;--awb-spacing-left-large:1.92%;--awb-width-medium:100%;--awb-spacing-right-medium:1.92%;--awb-spacing-left-medium:1.92%;--awb-width-small:100%;--awb-spacing-right-small:1.92%;--awb-spacing-left-small:1.92%;\"><div class=\"fusion-column-wrapper fusion-column-has-shadow fusion-flex-justify-content-flex-start fusion-content-layout-column\"><div class=\"accordian fusion-accordian\" style=\"--awb-border-size:1px;--awb-icon-size:16px;--awb-content-font-size:14px;--awb-icon-alignment:left;--awb-hover-color:#f9f9fb;--awb-border-color:#e2e2e2;--awb-background-color:#ffffff;--awb-divider-color:#e2e2e2;--awb-divider-hover-color:#e2e2e2;--awb-icon-color:#ffffff;--awb-title-color:#001689;--awb-content-color:#4d4d4d;--awb-icon-box-color:#0071bc;--awb-toggle-hover-accent-color:#ff5151;--awb-title-font-family:&quot;Montserrat ExtraBold&quot;;--awb-title-font-weight:400;--awb-title-font-style:normal;--awb-content-font-family:&quot;Montserrat Medium&quot;;--awb-content-font-style:normal;--awb-content-font-weight:400;\"><div class=\"panel-group fusion-toggle-icon-boxed\" id=\"accordion-263-1\"><div class=\"fusion-panel panel-default panel-ed8746031cad461aa fusion-toggle-has-divider\"><div class=\"panel-heading\"><h4 class=\"panel-title toggle\" id=\"toggle_ed8746031cad461aa\"><a aria-expanded=\"false\" aria-controls=\"ed8746031cad461aa\" role=\"button\" data-toggle=\"collapse\" data-parent=\"#accordion-263-1\" data-target=\"#ed8746031cad461aa\" href=\"#ed8746031cad461aa\"><span class=\"fusion-toggle-icon-wrapper\" aria-hidden=\"true\"><i class=\"fa-fusion-box active-icon awb-icon-minus\" aria-hidden=\"true\"><\/i><i class=\"fa-fusion-box inactive-icon awb-icon-plus\" aria-hidden=\"true\"><\/i><\/span><span class=\"fusion-toggle-heading\">Est-ce que je peux me r\u00e9f\u00e9rer moi-m\u00eame?<\/span><\/a><\/h4><\/div><div id=\"ed8746031cad461aa\" class=\"panel-collapse collapse \" aria-labelledby=\"toggle_ed8746031cad461aa\"><div class=\"panel-body toggle-content fusion-clearfix\">\n<p>Oui et non. Vous devez \u00eatre r\u00e9f\u00e9r\u00e9 par un professionnel ou une professionnelle en travail social, m\u00e9decine, un membre du clerg\u00e9 etc. Cependant, si vous nous contacter, nous vous aiderons \u00e0 recevoir une r\u00e9f\u00e9rence.<\/p>\n<\/div><\/div><\/div><div class=\"fusion-panel panel-default panel-4711abf066f8d5207 fusion-toggle-has-divider\"><div class=\"panel-heading\"><h4 class=\"panel-title toggle\" id=\"toggle_4711abf066f8d5207\"><a aria-expanded=\"false\" aria-controls=\"4711abf066f8d5207\" role=\"button\" data-toggle=\"collapse\" data-parent=\"#accordion-263-1\" data-target=\"#4711abf066f8d5207\" href=\"#4711abf066f8d5207\"><span class=\"fusion-toggle-icon-wrapper\" aria-hidden=\"true\"><i class=\"fa-fusion-box active-icon awb-icon-minus\" aria-hidden=\"true\"><\/i><i class=\"fa-fusion-box inactive-icon awb-icon-plus\" aria-hidden=\"true\"><\/i><\/span><span class=\"fusion-toggle-heading\">Si nous souhaitons envoyer une soumission pour recevoir de l\u2019aide, pourrions-nous \u00eatre disqualifi\u00e9s \u00e0 cause du revenu de notre m\u00e9nage?<\/span><\/a><\/h4><\/div><div id=\"4711abf066f8d5207\" class=\"panel-collapse collapse \" aria-labelledby=\"toggle_4711abf066f8d5207\"><div class=\"panel-body toggle-content fusion-clearfix\">\n<p>Nous n\u2019avons pas de moyen de d\u00e9terminer, mais si vous vivez des difficult\u00e9s financi\u00e8res, nous vous aiderons. L\u2019\u00e9l\u00e9ment cl\u00e9 qui d\u00e9termine si vous recevrez de l\u2019aide est si vous vivez des difficult\u00e9s financi\u00e8res.<\/p>\n<\/div><\/div><\/div><div class=\"fusion-panel panel-default panel-877b992f4815e1744 fusion-toggle-has-divider\"><div class=\"panel-heading\"><h4 class=\"panel-title toggle\" id=\"toggle_877b992f4815e1744\"><a aria-expanded=\"false\" aria-controls=\"877b992f4815e1744\" role=\"button\" data-toggle=\"collapse\" data-parent=\"#accordion-263-1\" data-target=\"#877b992f4815e1744\" href=\"#877b992f4815e1744\"><span class=\"fusion-toggle-icon-wrapper\" aria-hidden=\"true\"><i class=\"fa-fusion-box active-icon awb-icon-minus\" aria-hidden=\"true\"><\/i><i class=\"fa-fusion-box inactive-icon awb-icon-plus\" aria-hidden=\"true\"><\/i><\/span><span class=\"fusion-toggle-heading\">Est-ce que je peux demander de l\u2019aide de la part de votre fond si je re\u00e7ois d\u00e9j\u00e0 de l\u2019aide d\u2019un programme gouvernemental?<\/span><\/a><\/h4><\/div><div id=\"877b992f4815e1744\" class=\"panel-collapse collapse \" aria-labelledby=\"toggle_877b992f4815e1744\"><div class=\"panel-body toggle-content fusion-clearfix\">\n<p>Non, \u00e0 l\u2019exception de l\u2019assurance emploi et de la prestation d\u2019invalidit\u00e9, nous ciblons notre aide envers les familles qui n\u2019ont aucune autre ressource d\u2019aide.<\/p>\n<\/div><\/div><\/div><div class=\"fusion-panel panel-default panel-400ffbe3f982410de fusion-toggle-has-divider\"><div class=\"panel-heading\"><h4 class=\"panel-title toggle\" id=\"toggle_400ffbe3f982410de\"><a aria-expanded=\"false\" aria-controls=\"400ffbe3f982410de\" role=\"button\" data-toggle=\"collapse\" data-parent=\"#accordion-263-1\" data-target=\"#400ffbe3f982410de\" href=\"#400ffbe3f982410de\"><span class=\"fusion-toggle-icon-wrapper\" aria-hidden=\"true\"><i class=\"fa-fusion-box active-icon awb-icon-minus\" aria-hidden=\"true\"><\/i><i class=\"fa-fusion-box inactive-icon awb-icon-plus\" aria-hidden=\"true\"><\/i><\/span><span class=\"fusion-toggle-heading\">Comment de temps cela prend pour \u00eatre approuv\u00e9?<\/span><\/a><\/h4><\/div><div id=\"400ffbe3f982410de\" class=\"panel-collapse collapse \" aria-labelledby=\"toggle_400ffbe3f982410de\"><div class=\"panel-body toggle-content fusion-clearfix\">\n<p>Notre r\u00e9ponse est rapide avec un minimum de formalit\u00e9s. L\u2019approbation se fait g\u00e9n\u00e9ralement dans les heures apr\u00e8s la soumission de votre demande. Nous pouvons r\u00e9pondre aux urgences rapidement, mais seulement avec une r\u00e9f\u00e9rence professionnelle, ce qui n\u2019est pas une entrave puisque les professionnels sont toujours impliqu\u00e9s lors d\u2019une urgence m\u00e9dicale.<\/p>\n<\/div><\/div><\/div><div class=\"fusion-panel panel-default panel-ffbfdca364599a479 fusion-toggle-has-divider\"><div class=\"panel-heading\"><h4 class=\"panel-title toggle\" id=\"toggle_ffbfdca364599a479\"><a aria-expanded=\"false\" aria-controls=\"ffbfdca364599a479\" role=\"button\" data-toggle=\"collapse\" data-parent=\"#accordion-263-1\" data-target=\"#ffbfdca364599a479\" href=\"#ffbfdca364599a479\"><span class=\"fusion-toggle-icon-wrapper\" aria-hidden=\"true\"><i class=\"fa-fusion-box active-icon awb-icon-minus\" aria-hidden=\"true\"><\/i><i class=\"fa-fusion-box inactive-icon awb-icon-plus\" aria-hidden=\"true\"><\/i><\/span><span class=\"fusion-toggle-heading\">Pouvons-nous soumettre des d\u00e9penses pass\u00e9es?<\/span><\/a><\/h4><\/div><div id=\"ffbfdca364599a479\" class=\"panel-collapse collapse \" aria-labelledby=\"toggle_ffbfdca364599a479\"><div class=\"panel-body toggle-content fusion-clearfix\">\n<p>Non, nous n\u2019aidons pas de fa\u00e7on r\u00e9troactive, les d\u00e9penses doivent \u00eatre approuv\u00e9es avant d\u2019\u00eatre couvertes.<\/p>\n<\/div><\/div><\/div><div class=\"fusion-panel panel-default panel-94884c78acb35ee4b fusion-toggle-has-divider\"><div class=\"panel-heading\"><h4 class=\"panel-title toggle\" id=\"toggle_94884c78acb35ee4b\"><a aria-expanded=\"false\" aria-controls=\"94884c78acb35ee4b\" role=\"button\" data-toggle=\"collapse\" data-parent=\"#accordion-263-1\" data-target=\"#94884c78acb35ee4b\" href=\"#94884c78acb35ee4b\"><span class=\"fusion-toggle-icon-wrapper\" aria-hidden=\"true\"><i class=\"fa-fusion-box active-icon awb-icon-minus\" aria-hidden=\"true\"><\/i><i class=\"fa-fusion-box inactive-icon awb-icon-plus\" aria-hidden=\"true\"><\/i><\/span><span class=\"fusion-toggle-heading\">Est-ce que le formulaire de soumission est n\u00e9cessaire et est-ce que je doit fournir toute l\u2019information qu\u2019y est demand\u00e9e?<\/span><\/a><\/h4><\/div><div id=\"94884c78acb35ee4b\" class=\"panel-collapse collapse \" aria-labelledby=\"toggle_94884c78acb35ee4b\"><div class=\"panel-body toggle-content fusion-clearfix\">\n<p>Oui, nous devons recevoir un formulaire compl\u00e9t\u00e9, ce qui comprends un signature confirmant la demande d\u2019aider et deux signatures nous autorisant \u00e0 contacter des professionnels de la sant\u00e9 au sujet de votre aide. Sans elles, nous ne pouvons vous aider d\u00fb aux lois sur la confidentialit\u00e9.<\/p>\n<\/div><\/div><\/div><div class=\"fusion-panel panel-default panel-e886551dea895578c fusion-toggle-has-divider\"><div class=\"panel-heading\"><h4 class=\"panel-title toggle\" id=\"toggle_e886551dea895578c\"><a aria-expanded=\"false\" aria-controls=\"e886551dea895578c\" role=\"button\" data-toggle=\"collapse\" data-parent=\"#accordion-263-1\" data-target=\"#e886551dea895578c\" href=\"#e886551dea895578c\"><span class=\"fusion-toggle-icon-wrapper\" aria-hidden=\"true\"><i class=\"fa-fusion-box active-icon awb-icon-minus\" aria-hidden=\"true\"><\/i><i class=\"fa-fusion-box inactive-icon awb-icon-plus\" aria-hidden=\"true\"><\/i><\/span><span class=\"fusion-toggle-heading\">Comment est-ce que je me fais rembourser pour les d\u00e9penses?<\/span><\/a><\/h4><\/div><div id=\"e886551dea895578c\" class=\"panel-collapse collapse \" aria-labelledby=\"toggle_e886551dea895578c\"><div class=\"panel-body toggle-content fusion-clearfix\">\n<p>Exception faite, nous nous attendons \u00e0 ce que vous payez imm\u00e9diatement. Nous pouvons cependant arranger un paiement direct avec bon nombre d\u2019organisations avec lesquelles nous travaillons afin que vous ne soyez pas sans recours.<\/p>\n<\/div><\/div><\/div><div class=\"fusion-panel panel-default panel-63059cdb3e0a24c1c fusion-toggle-has-divider\"><div class=\"panel-heading\"><h4 class=\"panel-title toggle\" id=\"toggle_63059cdb3e0a24c1c\"><a aria-expanded=\"false\" aria-controls=\"63059cdb3e0a24c1c\" role=\"button\" data-toggle=\"collapse\" data-parent=\"#accordion-263-1\" data-target=\"#63059cdb3e0a24c1c\" href=\"#63059cdb3e0a24c1c\"><span class=\"fusion-toggle-icon-wrapper\" aria-hidden=\"true\"><i class=\"fa-fusion-box active-icon awb-icon-minus\" aria-hidden=\"true\"><\/i><i class=\"fa-fusion-box inactive-icon awb-icon-plus\" aria-hidden=\"true\"><\/i><\/span><span class=\"fusion-toggle-heading\">Dois-je conserver des factures pour ma r\u00e9clamation?<\/span><\/a><\/h4><\/div><div id=\"63059cdb3e0a24c1c\" class=\"panel-collapse collapse \" aria-labelledby=\"toggle_63059cdb3e0a24c1c\"><div class=\"panel-body toggle-content fusion-clearfix\">\n<p>Quand il vient aux voyages \u00e0 l\u2019int\u00e9rieur des provinces Maritimes, nous avons un montant journalier standard qui ne demande que deux types de preuves telles que les factures de p\u00e9ages autoroutiers et de stationnement \u00e0 l\u2019h\u00f4pital, etc. et une lettre du m\u00e9decin ou de l\u2019h\u00f4pital. Pour tout autre type de transport ou d\u2019aide, les factures originales sont n\u00e9cessaires et nous vous dirons lesquelles nous pouvons couvrir avant que vous ne payiez.<\/p>\n<\/div><\/div><\/div><div class=\"fusion-panel panel-default panel-91032aca6896ca722 fusion-toggle-has-divider\"><div class=\"panel-heading\"><h4 class=\"panel-title toggle\" id=\"toggle_91032aca6896ca722\"><a aria-expanded=\"false\" aria-controls=\"91032aca6896ca722\" role=\"button\" data-toggle=\"collapse\" data-parent=\"#accordion-263-1\" data-target=\"#91032aca6896ca722\" href=\"#91032aca6896ca722\"><span class=\"fusion-toggle-icon-wrapper\" aria-hidden=\"true\"><i class=\"fa-fusion-box active-icon awb-icon-minus\" aria-hidden=\"true\"><\/i><i class=\"fa-fusion-box inactive-icon awb-icon-plus\" aria-hidden=\"true\"><\/i><\/span><span class=\"fusion-toggle-heading\">Dans un cas o\u00f9 nous voyageons souvent, devons-nous vous avertir chaque fois que nous allons voyager?<\/span><\/a><\/h4><\/div><div id=\"91032aca6896ca722\" class=\"panel-collapse collapse \" aria-labelledby=\"toggle_91032aca6896ca722\"><div class=\"panel-body toggle-content fusion-clearfix\">\n<p>Techniquement, ce n\u2019est pas n\u00e9cessaire, mais en consid\u00e9ration des ressources mon\u00e9taires internes, nous aimons \u00eatre avertis lorsque vos dates de voyage sont confirm\u00e9es.<\/p>\n<\/div><\/div><\/div><div class=\"fusion-panel panel-default panel-95f068a76ad626072 fusion-toggle-has-divider\"><div class=\"panel-heading\"><h4 class=\"panel-title toggle\" id=\"toggle_95f068a76ad626072\"><a aria-expanded=\"false\" aria-controls=\"95f068a76ad626072\" role=\"button\" data-toggle=\"collapse\" data-parent=\"#accordion-263-1\" data-target=\"#95f068a76ad626072\" href=\"#95f068a76ad626072\"><span class=\"fusion-toggle-icon-wrapper\" aria-hidden=\"true\"><i class=\"fa-fusion-box active-icon awb-icon-minus\" aria-hidden=\"true\"><\/i><i class=\"fa-fusion-box inactive-icon awb-icon-plus\" aria-hidden=\"true\"><\/i><\/span><span class=\"fusion-toggle-heading\">Est-ce que je peux vous envoyer mes factures par courriel ou par fax?<\/span><\/a><\/h4><\/div><div id=\"95f068a76ad626072\" class=\"panel-collapse collapse \" aria-labelledby=\"toggle_95f068a76ad626072\"><div class=\"panel-body toggle-content fusion-clearfix\">\n<p>Non, nous devons avoir les factures originales en main car les copies de factures photocopi\u00e9es ou envoy\u00e9es par courriel ou par fax ne sont pas accept\u00e9es par les agents de Revenu Canada.<\/p>\n<\/div><\/div><\/div><div class=\"fusion-panel panel-default panel-d0bec4581922b8b99 fusion-toggle-has-divider\"><div class=\"panel-heading\"><h4 class=\"panel-title toggle\" id=\"toggle_d0bec4581922b8b99\"><a aria-expanded=\"false\" aria-controls=\"d0bec4581922b8b99\" role=\"button\" data-toggle=\"collapse\" data-parent=\"#accordion-263-1\" data-target=\"#d0bec4581922b8b99\" href=\"#d0bec4581922b8b99\"><span class=\"fusion-toggle-icon-wrapper\" aria-hidden=\"true\"><i class=\"fa-fusion-box active-icon awb-icon-minus\" aria-hidden=\"true\"><\/i><i class=\"fa-fusion-box inactive-icon awb-icon-plus\" aria-hidden=\"true\"><\/i><\/span><span class=\"fusion-toggle-heading\">Est-ce que vous subventionnez les r\u00e9parations r\u00e9sidentielles et de voitures?<\/span><\/a><\/h4><\/div><div id=\"d0bec4581922b8b99\" class=\"panel-collapse collapse \" aria-labelledby=\"toggle_d0bec4581922b8b99\"><div class=\"panel-body toggle-content fusion-clearfix\">\n<p>Non, ce genre de d\u00e9penses d\u00e9passent nos moyens financiers.<\/p>\n<\/div><\/div><\/div><\/div><\/div><\/div><\/div><\/div><\/div><\/p>\n","protected":false},"excerpt":{"rendered":"","protected":false},"author":1,"featured_media":0,"parent":0,"menu_order":0,"comment_status":"closed","ping_status":"closed","template":"100-width.php","meta":{"give_campaign_id":0,"_price":"","_stock":"","_tribe_ticket_header":"","_tribe_default_ticket_provider":"","_tribe_ticket_capacity":"0","_ticket_start_date":"","_ticket_end_date":"","_tribe_ticket_show_description":"","_tribe_ticket_show_not_going":false,"_tribe_ticket_use_global_stock":"","_tribe_ticket_global_stock_level":"","_global_stock_mode":"","_global_stock_cap":"","_tribe_rsvp_for_event":"","_tribe_ticket_going_count":"","_tribe_ticket_not_going_count":"","_tribe_tickets_list":"[]","_tribe_ticket_has_attendee_info_fields":false,"footnotes":"","_tec_slr_enabled":"","_tec_slr_layout":""},"class_list":["post-263","page","type-page","status-publish","hentry"],"campaignId":"","ticketed":false,"_links":{"self":[{"href":"https:\/\/lionssickkids.ca\/fr\/wp-json\/wp\/v2\/pages\/263","targetHints":{"allow":["GET"]}}],"collection":[{"href":"https:\/\/lionssickkids.ca\/fr\/wp-json\/wp\/v2\/pages"}],"about":[{"href":"https:\/\/lionssickkids.ca\/fr\/wp-json\/wp\/v2\/types\/page"}],"author":[{"embeddable":true,"href":"https:\/\/lionssickkids.ca\/fr\/wp-json\/wp\/v2\/users\/1"}],"replies":[{"embeddable":true,"href":"https:\/\/lionssickkids.ca\/fr\/wp-json\/wp\/v2\/comments?post=263"}],"version-history":[{"count":7,"href":"https:\/\/lionssickkids.ca\/fr\/wp-json\/wp\/v2\/pages\/263\/revisions"}],"predecessor-version":[{"id":511,"href":"https:\/\/lionssickkids.ca\/fr\/wp-json\/wp\/v2\/pages\/263\/revisions\/511"}],"wp:attachment":[{"href":"https:\/\/lionssickkids.ca\/fr\/wp-json\/wp\/v2\/media?parent=263"}],"curies":[{"name":"wp","href":"https:\/\/api.w.org\/{rel}","templated":true}]}}